{"id":6612,"date":"2019-04-24T11:40:56","date_gmt":"2019-04-24T09:40:56","guid":{"rendered":"https:\/\/www.pensieriparole.it\/magazine\/?page_id=6612"},"modified":"2019-04-24T11:40:56","modified_gmt":"2019-04-24T09:40:56","slug":"chi-siamo","status":"publish","type":"page","link":"https:\/\/www.pensieriparole.it\/magazine\/chi-siamo","title":{"rendered":"Chi siamo"},"content":{"rendered":"<div id=\"fb-root\"><\/div>\n<p><strong>PensieriParole Magazine<\/strong> \u00e8 il supplemento di notizie del portale PensieriParole.it, il primo sito di letteratura in Italia: l&#8217;obiettivo \u00e8 quello di raccontarvi notizie e curiosit\u00e0 dal mondo, soprattutto legate alla letteratura, alla cultura e alle festivit\u00e0 italiane.<\/p>\n<p>PensieriParole nasce nel 2002 da un&#8217;idea di Andrea Baron, Giusva Iannitelli e Federico Illesi e si sviluppa sul web, oltre che nel mondo reale (grazie a una casa editrice collegata attraverso la quale vengono pubblicate le opere degli utenti.<\/p>\n<p>PensieriParole \u00e8 un progetto editoriale di <a href=\"https:\/\/www.bhweb.it\">bitHOUSEweb srl<\/a>.<\/p>\n","protected":false},"excerpt":{"rendered":"<p>PensieriParole Magazine \u00e8 il supplemento di notizie del portale PensieriParole.it, il primo sito di letteratura in Italia: l&#8217;obiettivo \u00e8 quello di raccontarvi notizie e curiosit\u00e0 dal mondo, soprattutto legate alla letteratura, alla cultura e alle festivit\u00e0 italiane. PensieriParole nasce nel 2002 da un&#8217;idea di Andrea Baron, Giusva Iannitelli e Federico Illesi e si sviluppa sul [&hellip;]<\/p>\n","protected":false},"author":2,"featured_media":0,"parent":0,"menu_order":0,"comment_status":"closed","ping_status":"closed","template":"","meta":{"tdm_status":"","tdm_grid_status":""},"yoast_head":"<!-- This site is optimized with the Yoast SEO plugin v19.11 - https:\/\/yoast.com\/wordpress\/plugins\/seo\/ -->\n<title>Chi siamo - PensieriParole magazine<\/title>\n<meta name=\"robots\" content=\"index, follow, max-snippet:-1, max-image-preview:large, max-video-preview:-1\" \/>\n<link rel=\"canonical\" href=\"https:\/\/www.pensieriparole.it\/magazine\/chi-siamo\" \/>\n<meta property=\"og:locale\" content=\"it_IT\" \/>\n<meta property=\"og:type\" content=\"article\" \/>\n<meta property=\"og:title\" content=\"Chi siamo - PensieriParole magazine\" \/>\n<meta property=\"og:description\" content=\"PensieriParole Magazine \u00e8 il supplemento di notizie del portale PensieriParole.it, il primo sito di letteratura in Italia: l&#8217;obiettivo \u00e8 quello di raccontarvi notizie e curiosit\u00e0 dal mondo, soprattutto legate alla letteratura, alla cultura e alle festivit\u00e0 italiane. PensieriParole nasce nel 2002 da un&#8217;idea di Andrea Baron, Giusva Iannitelli e Federico Illesi e si sviluppa sul [&hellip;]\" \/>\n<meta property=\"og:url\" content=\"https:\/\/www.pensieriparole.it\/magazine\/chi-siamo\" \/>\n<meta property=\"og:site_name\" content=\"PensieriParole magazine\" \/>\n<meta property=\"article:publisher\" content=\"https:\/\/www.facebook.com\/PensieriParole\" \/>\n<meta name=\"twitter:card\" content=\"summary_large_image\" \/>\n<meta name=\"twitter:site\" content=\"@pensieriparole\" \/>\n<script type=\"application\/ld+json\" class=\"yoast-schema-graph\">{\"@context\":\"https:\/\/schema.org\",\"@graph\":[{\"@type\":\"WebPage\",\"@id\":\"https:\/\/www.pensieriparole.it\/magazine\/chi-siamo\",\"url\":\"https:\/\/www.pensieriparole.it\/magazine\/chi-siamo\",\"name\":\"Chi siamo - PensieriParole magazine\",\"isPartOf\":{\"@id\":\"https:\/\/www.pensieriparole.it\/magazine\/#website\"},\"datePublished\":\"2019-04-24T09:40:56+00:00\",\"dateModified\":\"2019-04-24T09:40:56+00:00\",\"breadcrumb\":{\"@id\":\"https:\/\/www.pensieriparole.it\/magazine\/chi-siamo#breadcrumb\"},\"inLanguage\":\"it-IT\",\"potentialAction\":[{\"@type\":\"ReadAction\",\"target\":[\"https:\/\/www.pensieriparole.it\/magazine\/chi-siamo\"]}]},{\"@type\":\"BreadcrumbList\",\"@id\":\"https:\/\/www.pensieriparole.it\/magazine\/chi-siamo#breadcrumb\",\"itemListElement\":[{\"@type\":\"ListItem\",\"position\":1,\"name\":\"Home\",\"item\":\"https:\/\/www.pensieriparole.it\/magazine\/\"},{\"@type\":\"ListItem\",\"position\":2,\"name\":\"Chi siamo\"}]},{\"@type\":\"WebSite\",\"@id\":\"https:\/\/www.pensieriparole.it\/magazine\/#website\",\"url\":\"https:\/\/www.pensieriparole.it\/magazine\/\",\"name\":\"PensieriParole magazine\",\"description\":\"news &amp; curiosit\u00e0 dal mondo\",\"potentialAction\":[{\"@type\":\"SearchAction\",\"target\":{\"@type\":\"EntryPoint\",\"urlTemplate\":\"https:\/\/www.pensieriparole.it\/magazine\/?s={search_term_string}\"},\"query-input\":\"required name=search_term_string\"}],\"inLanguage\":\"it-IT\"}]}<\/script>\n<!-- \/ Yoast SEO plugin. -->","yoast_head_json":{"title":"Chi siamo - PensieriParole magazine","robots":{"index":"index","follow":"follow","max-snippet":"max-snippet:-1","max-image-preview":"max-image-preview:large","max-video-preview":"max-video-preview:-1"},"canonical":"https:\/\/www.pensieriparole.it\/magazine\/chi-siamo","og_locale":"it_IT","og_type":"article","og_title":"Chi siamo - PensieriParole magazine","og_description":"PensieriParole Magazine \u00e8 il supplemento di notizie del portale PensieriParole.it, il primo sito di letteratura in Italia: l&#8217;obiettivo \u00e8 quello di raccontarvi notizie e curiosit\u00e0 dal mondo, soprattutto legate alla letteratura, alla cultura e alle festivit\u00e0 italiane. PensieriParole nasce nel 2002 da un&#8217;idea di Andrea Baron, Giusva Iannitelli e Federico Illesi e si sviluppa sul [&hellip;]","og_url":"https:\/\/www.pensieriparole.it\/magazine\/chi-siamo","og_site_name":"PensieriParole magazine","article_publisher":"https:\/\/www.facebook.com\/PensieriParole","twitter_card":"summary_large_image","twitter_site":"@pensieriparole","schema":{"@context":"https:\/\/schema.org","@graph":[{"@type":"WebPage","@id":"https:\/\/www.pensieriparole.it\/magazine\/chi-siamo","url":"https:\/\/www.pensieriparole.it\/magazine\/chi-siamo","name":"Chi siamo - PensieriParole magazine","isPartOf":{"@id":"https:\/\/www.pensieriparole.it\/magazine\/#website"},"datePublished":"2019-04-24T09:40:56+00:00","dateModified":"2019-04-24T09:40:56+00:00","breadcrumb":{"@id":"https:\/\/www.pensieriparole.it\/magazine\/chi-siamo#breadcrumb"},"inLanguage":"it-IT","potentialAction":[{"@type":"ReadAction","target":["https:\/\/www.pensieriparole.it\/magazine\/chi-siamo"]}]},{"@type":"BreadcrumbList","@id":"https:\/\/www.pensieriparole.it\/magazine\/chi-siamo#breadcrumb","itemListElement":[{"@type":"ListItem","position":1,"name":"Home","item":"https:\/\/www.pensieriparole.it\/magazine\/"},{"@type":"ListItem","position":2,"name":"Chi siamo"}]},{"@type":"WebSite","@id":"https:\/\/www.pensieriparole.it\/magazine\/#website","url":"https:\/\/www.pensieriparole.it\/magazine\/","name":"PensieriParole magazine","description":"news &amp; curiosit\u00e0 dal mondo","potentialAction":[{"@type":"SearchAction","target":{"@type":"EntryPoint","urlTemplate":"https:\/\/www.pensieriparole.it\/magazine\/?s={search_term_string}"},"query-input":"required name=search_term_string"}],"inLanguage":"it-IT"}]}},"_links":{"self":[{"href":"https:\/\/www.pensieriparole.it\/magazine\/wp-json\/wp\/v2\/pages\/6612"}],"collection":[{"href":"https:\/\/www.pensieriparole.it\/magazine\/wp-json\/wp\/v2\/pages"}],"about":[{"href":"https:\/\/www.pensieriparole.it\/magazine\/wp-json\/wp\/v2\/types\/page"}],"author":[{"embeddable":true,"href":"https:\/\/www.pensieriparole.it\/magazine\/wp-json\/wp\/v2\/users\/2"}],"replies":[{"embeddable":true,"href":"https:\/\/www.pensieriparole.it\/magazine\/wp-json\/wp\/v2\/comments?post=6612"}],"version-history":[{"count":2,"href":"https:\/\/www.pensieriparole.it\/magazine\/wp-json\/wp\/v2\/pages\/6612\/revisions"}],"predecessor-version":[{"id":6614,"href":"https:\/\/www.pensieriparole.it\/magazine\/wp-json\/wp\/v2\/pages\/6612\/revisions\/6614"}],"wp:attachment":[{"href":"https:\/\/www.pensieriparole.it\/magazine\/wp-json\/wp\/v2\/media?parent=6612"}],"curies":[{"name":"wp","href":"https:\/\/api.w.org\/{rel}","templated":true}]}}